{"id":884,"date":"2018-05-29T11:11:20","date_gmt":"2018-05-29T11:11:20","guid":{"rendered":"http:\/\/xtratheme.com\/default\/?page_id=7"},"modified":"2026-03-11T11:54:59","modified_gmt":"2026-03-11T14:54:59","slug":"about-us","status":"publish","type":"page","link":"https:\/\/autotecmetal.com.br\/index.php\/about-us\/","title":{"rendered":"A Empresa"},"content":{"rendered":"\t\t<div data-elementor-type=\"wp-page\" data-elementor-id=\"884\" class=\"elementor elementor-884\">\n\t\t\t\t\t\t<section class=\"elementor-section elementor-top-section elementor-element elementor-element-2f839fc8 elementor-section-boxed elementor-section-height-default elementor-section-height-default\" data-id=\"2f839fc8\" data-element_type=\"section\" data-e-type=\"section\">\n\t\t\t\t\t\t<div class=\"elementor-container elementor-column-gap-default\">\n\t\t\t\t\t<div class=\"elementor-column elementor-col-50 elementor-top-column elementor-element elementor-element-4817ef8a\" data-id=\"4817ef8a\" data-element_type=\"column\" data-e-type=\"column\">\n\t\t\t<div class=\"elementor-widget-wrap elementor-element-populated\">\n\t\t\t\t\t\t<div class=\"elementor-element elementor-element-4c8b7e9f elementor-widget elementor-widget-cz_image\" data-id=\"4c8b7e9f\" data-element_type=\"widget\" data-e-type=\"widget\" data-widget_type=\"cz_image.default\">\n\t\t\t\t<div class=\"elementor-widget-container\">\n\t\t\t\t\t\r\n\t\t<div class=\"cz_image clr cz_image_no_fx center_on_mobile\">\r\n\r\n\t\t\t<div class=\"cz_svg_bg\">\r\n\r\n\t\t\t\t<div class=\"cz_image_in\" data-tilt>\r\n\r\n\t\t\t\t\t<div class=\"cz_main_image\"><img fetchpriority=\"high\" decoding=\"async\" width=\"1024\" height=\"1024\" src=\"data:image\/svg+xml,%3Csvg%20xmlns%3D&#39;http%3A%2F%2Fwww.w3.org%2F2000%2Fsvg&#39;%20width=&#39;1024&#39;%20height=&#39;1024&#39;%20viewBox%3D&#39;0%200%201024%201024&#39;%2F%3E\" data-czlz data-src=\"https:\/\/autotecmetal.com.br\/wp-content\/uploads\/2026\/03\/aempresa.png\" class=\"attachment-full size-full wp-image-1887\" alt=\"\" data-srcset=\"https:\/\/autotecmetal.com.br\/wp-content\/uploads\/2026\/03\/aempresa.png 1024w, https:\/\/autotecmetal.com.br\/wp-content\/uploads\/2026\/03\/aempresa-300x300.png 300w, https:\/\/autotecmetal.com.br\/wp-content\/uploads\/2026\/03\/aempresa-150x150.png 150w, https:\/\/autotecmetal.com.br\/wp-content\/uploads\/2026\/03\/aempresa-768x768.png 768w, https:\/\/autotecmetal.com.br\/wp-content\/uploads\/2026\/03\/aempresa-600x600.png 600w\" data-sizes=\"(max-width: 1024px) 100vw, 1024px\" \/><\/div>\r\n\r\n\t\t\t\t\t<div class=\"cz_hover_image\"><img fetchpriority=\"high\" decoding=\"async\" width=\"1024\" height=\"1024\" src=\"data:image\/svg+xml,%3Csvg%20xmlns%3D&#39;http%3A%2F%2Fwww.w3.org%2F2000%2Fsvg&#39;%20width=&#39;1024&#39;%20height=&#39;1024&#39;%20viewBox%3D&#39;0%200%201024%201024&#39;%2F%3E\" data-czlz data-src=\"https:\/\/autotecmetal.com.br\/wp-content\/uploads\/2026\/03\/aempresa.png\" class=\"attachment-full size-full wp-image-1887\" alt=\"\" data-srcset=\"https:\/\/autotecmetal.com.br\/wp-content\/uploads\/2026\/03\/aempresa.png 1024w, https:\/\/autotecmetal.com.br\/wp-content\/uploads\/2026\/03\/aempresa-300x300.png 300w, https:\/\/autotecmetal.com.br\/wp-content\/uploads\/2026\/03\/aempresa-150x150.png 150w, https:\/\/autotecmetal.com.br\/wp-content\/uploads\/2026\/03\/aempresa-768x768.png 768w, https:\/\/autotecmetal.com.br\/wp-content\/uploads\/2026\/03\/aempresa-600x600.png 600w\" data-sizes=\"(max-width: 1024px) 100vw, 1024px\" \/><\/div>\r\n\t\t\t\t<\/div>\r\n\r\n\t\t\t\t\r\n\t\t\t<\/div>\r\n\r\n\t\t<\/div>\r\n\r\n\t\t\t\t\t\t<\/div>\n\t\t\t\t<\/div>\n\t\t\t\t\t<\/div>\n\t\t<\/div>\n\t\t\t\t<div class=\"elementor-column elementor-col-50 elementor-top-column elementor-element elementor-element-8d5d8b4\" data-id=\"8d5d8b4\" data-element_type=\"column\" data-e-type=\"column\">\n\t\t\t<div class=\"elementor-widget-wrap elementor-element-populated\">\n\t\t\t\t\t\t<div class=\"elementor-element elementor-element-4852b61c e-transform elementor-widget elementor-widget-cz_gap\" data-id=\"4852b61c\" data-element_type=\"widget\" data-e-type=\"widget\" data-settings=\"{&quot;_transform_rotateZ_effect&quot;:{&quot;unit&quot;:&quot;px&quot;,&quot;size&quot;:&quot;&quot;,&quot;sizes&quot;:[]},&quot;_transform_rotateZ_effect_tablet&quot;:{&quot;unit&quot;:&quot;deg&quot;,&quot;size&quot;:&quot;&quot;,&quot;sizes&quot;:[]},&quot;_transform_rotateZ_effect_mobile&quot;:{&quot;unit&quot;:&quot;deg&quot;,&quot;size&quot;:&quot;&quot;,&quot;sizes&quot;:[]}}\" data-widget_type=\"cz_gap.default\">\n\t\t\t\t<div class=\"elementor-widget-container\">\n\t\t\t\t\t<div class=\"cz_gap clr\"><\/div>\t\t\t\t<\/div>\n\t\t\t\t<\/div>\n\t\t\t\t<div class=\"elementor-element elementor-element-4e09720 elementor-widget elementor-widget-cz_title\" data-id=\"4e09720\" data-element_type=\"widget\" data-e-type=\"widget\" data-widget_type=\"cz_title.default\">\n\t\t\t\t<div class=\"elementor-widget-container\">\n\t\t\t\t\t\t\r\n\t\t<div>\r\n\t\t\t<div class=\"cz_title clr cz_smart_fs cz_mobile_text_center cz_title_pos_inline\"><div class=\"cz_title_shape shape_image cz_shape_1\"><img decoding=\"async\" width=\"1479\" height=\"1318\" src=\"data:image\/svg+xml,%3Csvg%20xmlns%3D&#39;http%3A%2F%2Fwww.w3.org%2F2000%2Fsvg&#39;%20width=&#39;1479&#39;%20height=&#39;1318&#39;%20viewBox%3D&#39;0%200%201479%201318&#39;%2F%3E\" data-czlz data-src=\"https:\/\/autotecmetal.com.br\/wp-content\/uploads\/2022\/01\/HM-TECH2.png\" class=\"attachment-full size-full wp-image-1605\" alt=\"\" data-srcset=\"https:\/\/autotecmetal.com.br\/wp-content\/uploads\/2022\/01\/HM-TECH2.png 1479w, https:\/\/autotecmetal.com.br\/wp-content\/uploads\/2022\/01\/HM-TECH2-300x267.png 300w, https:\/\/autotecmetal.com.br\/wp-content\/uploads\/2022\/01\/HM-TECH2-1024x913.png 1024w, https:\/\/autotecmetal.com.br\/wp-content\/uploads\/2022\/01\/HM-TECH2-768x684.png 768w, https:\/\/autotecmetal.com.br\/wp-content\/uploads\/2022\/01\/HM-TECH2-360x320.png 360w, https:\/\/autotecmetal.com.br\/wp-content\/uploads\/2022\/01\/HM-TECH2-600x535.png 600w\" data-sizes=\"(max-width: 1479px) 100vw, 1479px\" \/><\/div><div class=\"cz_title_content\"><div class=\"cz_wpe_content\"><p><span style=\"font-size: 18px; color: #666666;\">Quem n\u00f3s somos ..<\/span><span style=\"font-size: 18px; color: #666666;\">.<\/span><\/p><h3 style=\"line-height: 1.3;\"><span style=\"font-size: 38px;\">A <span style=\"color: #4a4f55;\">Auto Tec Metal<\/span><\/span><\/h3><p>Prezados Senhores,<\/p><p>A AUTO TEC METAL LTDA, fundada em 18 de outubro de 2000, \u00e9 uma empresa especializada na fabrica\u00e7\u00e3o de m\u00e1quinas e equipamentos para a ind\u00fastria metal\u00fargica, bem como na produ\u00e7\u00e3o de pe\u00e7as e acess\u00f3rios industriais. Com mais de duas d\u00e9cadas de atua\u00e7\u00e3o no mercado, constru\u00edmos uma trajet\u00f3ria s\u00f3lida baseada em qualidade, comprometimento e excel\u00eancia t\u00e9cnica.<\/p><p>Atuamos tamb\u00e9m nas \u00e1reas de usinagem, tornearia, solda e com\u00e9rcio atacadista de m\u00e1quinas e equipamentos industriais e comerciais, oferecendo solu\u00e7\u00f5es completas e personalizadas para atender \u00e0s necessidades espec\u00edficas de cada cliente.<\/p><p>Localizada em Curitiba \u2013 PR, nossa empresa atende ind\u00fastrias e parceiros comerciais que buscam efici\u00eancia produtiva, durabilidade e alto padr\u00e3o t\u00e9cnico em seus equipamentos e componentes.<\/p><p>\u2e3b<\/p><p>Miss\u00e3o<\/p><p>Oferecer solu\u00e7\u00f5es industriais inovadoras e eficientes na fabrica\u00e7\u00e3o de m\u00e1quinas, pe\u00e7as e servi\u00e7os de usinagem, garantindo qualidade, precis\u00e3o e confiabilidade aos nossos clientes.<\/p><p>Vis\u00e3o<\/p><p>Ser refer\u00eancia regional no setor metal\u00fargico, reconhecida pela excel\u00eancia t\u00e9cnica, comprometimento com prazos e constante evolu\u00e7\u00e3o tecnol\u00f3gica.<\/p><p>Objetivo<\/p><p>Fortalecer parcerias comerciais, expandir nossa atua\u00e7\u00e3o no mercado industrial e contribuir para o crescimento produtivo de nossos clientes por meio de solu\u00e7\u00f5es seguras e de alto desempenho.<\/p><p>\u2e3b<\/p><p>Colocamo-nos \u00e0 disposi\u00e7\u00e3o para apresentar nosso portf\u00f3lio e desenvolver projetos que atendam \u00e0s necessidades espec\u00edficas de sua empresa.<\/p><p>Atenciosamente,<\/p><\/div><\/div><\/div>\r\n\t\t<\/div>\r\n\t\t\r\n\t\t\t\t\t\t<\/div>\n\t\t\t\t<\/div>\n\t\t\t\t\t<\/div>\n\t\t<\/div>\n\t\t\t\t\t<\/div>\n\t\t<\/section>\n\t\t\t\t<section class=\"elementor-section elementor-top-section elementor-element elementor-element-7d81776 elementor-section-stretched elementor-section-boxed elementor-section-height-default elementor-section-height-default\" data-id=\"7d81776\" data-element_type=\"section\" data-e-type=\"section\" data-settings=\"{&quot;stretch_section&quot;:&quot;section-stretched&quot;,&quot;background_background&quot;:&quot;classic&quot;}\">\n\t\t\t\t\t\t<div class=\"elementor-container elementor-column-gap-default\">\n\t\t\t\t\t<div class=\"elementor-column elementor-col-66 elementor-top-column elementor-element elementor-element-f33fa16\" data-id=\"f33fa16\" data-element_type=\"column\" data-e-type=\"column\">\n\t\t\t<div class=\"elementor-widget-wrap elementor-element-populated\">\n\t\t\t\t\t\t<div class=\"elementor-element elementor-element-4b1b78f4 elementor-widget elementor-widget-cz_title\" data-id=\"4b1b78f4\" data-element_type=\"widget\" data-e-type=\"widget\" data-widget_type=\"cz_title.default\">\n\t\t\t\t<div class=\"elementor-widget-container\">\n\t\t\t\t\t\t\r\n\t\t<div>\r\n\t\t\t<div class=\"cz_title clr cz_smart_fs cz_mobile_text_center cz_title_pos_inline\"><div class=\"cz_title_content\"><div class=\"cz_wpe_content\"><p><span style=\"font-size: 18px; color: #cccccc;\">Auto Tec Metal...<\/span><\/p><h3 style=\"line-height: 1.3;\"><span style=\"font-size: 38px;\"><span style=\"color: #ffffff;\">Nossa Miss\u00e3o, Oque Podemos<\/span> <span style=\"color: #c40000;\">Fazer<\/span><span style=\"color: #ffffff;\">?<\/span><\/span><\/h3><p><span style=\"color: #dddddd; font-size: 20px;\">Ser uma empresa de refer\u00eancia nos mercados de atua\u00e7\u00e3o, atrav\u00e9s da qualidade dos seus produtos, servi\u00e7os e relacionamento.<\/span><\/p><\/div><\/div><\/div>\r\n\t\t<\/div>\r\n\t\t\r\n\t\t\t\t\t\t<\/div>\n\t\t\t\t<\/div>\n\t\t\t\t<section class=\"elementor-section elementor-inner-section elementor-element elementor-element-0437d8c elementor-section-boxed elementor-section-height-default elementor-section-height-default\" data-id=\"0437d8c\" data-element_type=\"section\" data-e-type=\"section\">\n\t\t\t\t\t\t<div class=\"elementor-container elementor-column-gap-default\">\n\t\t\t\t\t<div class=\"elementor-column elementor-col-66 elementor-inner-column elementor-element elementor-element-753bf2b\" data-id=\"753bf2b\" data-element_type=\"column\" data-e-type=\"column\">\n\t\t\t<div class=\"elementor-widget-wrap elementor-element-populated\">\n\t\t\t\t\t\t<div class=\"elementor-element elementor-element-63459c5 elementor-widget elementor-widget-cz_service_box\" data-id=\"63459c5\" data-element_type=\"widget\" data-e-type=\"widget\" data-widget_type=\"cz_service_box.default\">\n\t\t\t\t<div class=\"elementor-widget-container\">\n\t\t\t\t\t<div class=\"services clr style11 cz_sbi_fx_10 left\"><div class=\"service_img\"><img decoding=\"async\" width=\"128\" height=\"128\" src=\"data:image\/svg+xml,%3Csvg%20xmlns%3D&#39;http%3A%2F%2Fwww.w3.org%2F2000%2Fsvg&#39;%20width=&#39;128&#39;%20height=&#39;128&#39;%20viewBox%3D&#39;0%200%20128%20128&#39;%2F%3E\" data-czlz data-src=\"https:\/\/autotecmetal.com.br\/wp-content\/uploads\/2018\/09\/help.png\" class=\"attachment-large size-large wp-image-1000\" alt=\"\" data-srcset=\"https:\/\/autotecmetal.com.br\/wp-content\/uploads\/2018\/09\/help.png 128w, https:\/\/autotecmetal.com.br\/wp-content\/uploads\/2018\/09\/help-100x100.png 100w\" data-sizes=\"(max-width: 128px) 100vw, 128px\" \/><\/div><div class=\"service_text\"><h3>Miss\u00e3o<\/h3><div class=\"cz_wpe_content\"><p>Produzir e comercializar produtos e servi\u00e7os, procurando atender \u00e0s exig\u00eancias do mercado em qualidade e bom atendimento aos clientes.<\/p><\/div><\/div><\/div>\t\t\t\t<\/div>\n\t\t\t\t<\/div>\n\t\t\t\t<div class=\"elementor-element elementor-element-11cc8f1 elementor-widget elementor-widget-cz_service_box\" data-id=\"11cc8f1\" data-element_type=\"widget\" data-e-type=\"widget\" data-widget_type=\"cz_service_box.default\">\n\t\t\t\t<div class=\"elementor-widget-container\">\n\t\t\t\t\t<div class=\"services clr style11 cz_sbi_fx_10 left\"><div class=\"service_img\"><img loading=\"lazy\" decoding=\"async\" width=\"128\" height=\"128\" src=\"data:image\/svg+xml,%3Csvg%20xmlns%3D&#39;http%3A%2F%2Fwww.w3.org%2F2000%2Fsvg&#39;%20width=&#39;128&#39;%20height=&#39;128&#39;%20viewBox%3D&#39;0%200%20128%20128&#39;%2F%3E\" data-czlz data-src=\"https:\/\/autotecmetal.com.br\/wp-content\/uploads\/2018\/09\/worker.png\" class=\"attachment-large size-large wp-image-996\" alt=\"\" data-srcset=\"https:\/\/autotecmetal.com.br\/wp-content\/uploads\/2018\/09\/worker.png 128w, https:\/\/autotecmetal.com.br\/wp-content\/uploads\/2018\/09\/worker-100x100.png 100w\" data-sizes=\"(max-width: 128px) 100vw, 128px\" \/><\/div><div class=\"service_text\"><h3>Valores<\/h3><div class=\"cz_wpe_content\"><p>A satisfa\u00e7\u00e3o de nossos clientes \u00e9 essencial para a estabilidade de nossa empresa e nos esfor\u00e7amos para exceder \u00e0s expectativas. Princ\u00edpios como a \u00e9tica, seriedade e credibilidade norteiam permanentemente nossa intera\u00e7\u00e3o com clientes, colaboradores e comunidade, bem como o compromisso com a responsabilidade socioambiental.<\/p><\/div><\/div><\/div>\t\t\t\t<\/div>\n\t\t\t\t<\/div>\n\t\t\t\t\t<\/div>\n\t\t<\/div>\n\t\t\t\t<div class=\"elementor-column elementor-col-33 elementor-inner-column elementor-element elementor-element-1367d79\" data-id=\"1367d79\" data-element_type=\"column\" data-e-type=\"column\">\n\t\t\t<div class=\"elementor-widget-wrap\">\n\t\t\t\t\t\t\t<\/div>\n\t\t<\/div>\n\t\t\t\t\t<\/div>\n\t\t<\/section>\n\t\t\t\t\t<\/div>\n\t\t<\/div>\n\t\t\t\t<div class=\"elementor-column elementor-col-33 elementor-top-column elementor-element elementor-element-aa5518f\" data-id=\"aa5518f\" data-element_type=\"column\" data-e-type=\"column\">\n\t\t\t<div class=\"elementor-widget-wrap elementor-element-populated\">\n\t\t\t\t\t\t<div class=\"elementor-element elementor-element-0785262 elementor-widget elementor-widget-cz_image\" data-id=\"0785262\" data-element_type=\"widget\" data-e-type=\"widget\" data-widget_type=\"cz_image.default\">\n\t\t\t\t<div class=\"elementor-widget-container\">\n\t\t\t\t\t\r\n\t\t<div class=\"cz_image clr cz_image_no_fx center_on_mobile\">\r\n\r\n\t\t\t<div class=\"cz_svg_bg\">\r\n\r\n\t\t\t\t<div class=\"cz_image_in\" data-tilt>\r\n\r\n\t\t\t\t\t<div class=\"cz_main_image\"><img loading=\"lazy\" decoding=\"async\" width=\"370\" height=\"750\" src=\"data:image\/svg+xml,%3Csvg%20xmlns%3D&#39;http%3A%2F%2Fwww.w3.org%2F2000%2Fsvg&#39;%20width=&#39;370&#39;%20height=&#39;750&#39;%20viewBox%3D&#39;0%200%20370%20750&#39;%2F%3E\" data-czlz data-src=\"https:\/\/autotecmetal.com.br\/wp-content\/uploads\/2018\/09\/a2.jpg\" class=\"attachment-full size-full wp-image-1199\" alt=\"\" data-srcset=\"https:\/\/autotecmetal.com.br\/wp-content\/uploads\/2018\/09\/a2.jpg 370w, https:\/\/autotecmetal.com.br\/wp-content\/uploads\/2018\/09\/a2-148x300.jpg 148w\" data-sizes=\"(max-width: 370px) 100vw, 370px\" \/><\/div>\r\n\r\n\t\t\t\t\t<div class=\"cz_hover_image\"><img loading=\"lazy\" decoding=\"async\" width=\"370\" height=\"750\" src=\"data:image\/svg+xml,%3Csvg%20xmlns%3D&#39;http%3A%2F%2Fwww.w3.org%2F2000%2Fsvg&#39;%20width=&#39;370&#39;%20height=&#39;750&#39;%20viewBox%3D&#39;0%200%20370%20750&#39;%2F%3E\" data-czlz data-src=\"https:\/\/autotecmetal.com.br\/wp-content\/uploads\/2018\/09\/a2.jpg\" class=\"attachment-full size-full wp-image-1199\" alt=\"\" data-srcset=\"https:\/\/autotecmetal.com.br\/wp-content\/uploads\/2018\/09\/a2.jpg 370w, https:\/\/autotecmetal.com.br\/wp-content\/uploads\/2018\/09\/a2-148x300.jpg 148w\" data-sizes=\"(max-width: 370px) 100vw, 370px\" \/><\/div>\r\n\t\t\t\t<\/div>\r\n\r\n\t\t\t\t\r\n\t\t\t<\/div>\r\n\r\n\t\t<\/div>\r\n\r\n\t\t\t\t\t\t<\/div>\n\t\t\t\t<\/div>\n\t\t\t\t\t<\/div>\n\t\t<\/div>\n\t\t\t\t\t<\/div>\n\t\t<\/section>\n\t\t\t\t<section class=\"elementor-section elementor-top-section elementor-element elementor-element-59242b02 elementor-section-stretched elementor-section-boxed elementor-section-height-default elementor-section-height-default\" data-id=\"59242b02\" data-element_type=\"section\" data-e-type=\"section\" data-settings=\"{&quot;stretch_section&quot;:&quot;section-stretched&quot;,&quot;background_background&quot;:&quot;classic&quot;}\">\n\t\t\t\t\t\t<div class=\"elementor-container elementor-column-gap-default\">\n\t\t\t\t\t<div class=\"elementor-column elementor-col-100 elementor-top-column elementor-element elementor-element-354408a2\" data-id=\"354408a2\" data-element_type=\"column\" data-e-type=\"column\">\n\t\t\t<div class=\"elementor-widget-wrap elementor-element-populated\">\n\t\t\t\t\t\t<div class=\"elementor-element elementor-element-62e540ba elementor-widget elementor-widget-cz_gallery\" data-id=\"62e540ba\" data-element_type=\"widget\" data-e-type=\"widget\" data-widget_type=\"cz_gallery.default\">\n\t\t\t\t<div class=\"elementor-widget-container\">\n\t\t\t\t\t<div class=\"slick no_arrows no_dots overflow_visible\" data-slick='{\"selector\":\"\",\"slidesToShow\":5,\"slidesToScroll\":1,\"rows\":1,\"fade\":false,\"vertical\":false,\"verticalSwiping\":false,\"infinite\":true,\"speed\":1000,\"swipeToSlide\":true,\"centerMode\":false,\"centerPadding\":{\"unit\":\"px\",\"size\":10,\"sizes\":[]},\"variableWidth\":false,\"autoplay\":true,\"autoplaySpeed\":3000,\"dots\":true,\"counts\":false,\"adaptiveHeight\":false,\"responsive\":[{\"breakpoint\":769,\"settings\":{\"slidesToShow\":4,\"slidesToScroll\":2,\"touchMove\":true}},{\"breakpoint\":481,\"settings\":{\"slidesToShow\":1,\"slidesToScroll\":2,\"touchMove\":true}}]}' data-slick-prev=\"\" data-slick-next=\"\"><div class=\"cz_grid_p\"><div class=\"cz_grid cz_grid_1 clr cz_grid_carousel cz_grid_1_no_hover cz_grid_disable_links\" data-gap=\"31\"><div class=\"cz_grid_item cz_grid_first\"><\/div><div class=\"cz_grid_item elementor-repeater-item-84357ff cz_gallery2\"><div><a class=\"cz_grid_link \" href=\"http:\/\/hmtechsolution.com.br\/wp-content\/uploads\/2022\/01\/l4.png\" target=\"_blank\" data-xtra-lightbox><img loading=\"lazy\" decoding=\"async\" width=\"300\" height=\"109\" src=\"data:image\/svg+xml,%3Csvg%20xmlns%3D&#39;http%3A%2F%2Fwww.w3.org%2F2000%2Fsvg&#39;%20width=&#39;300&#39;%20height=&#39;109&#39;%20viewBox%3D&#39;0%200%20300%20109&#39;%2F%3E\" data-czlz data-src=\"https:\/\/autotecmetal.com.br\/wp-content\/uploads\/2022\/01\/l4.png\" class=\"attachment-codevz_600_600 size-codevz_600_600 wp-image-1618\" alt=\"\" \/><div class=\"cz_grid_details\"><\/div><\/a><\/div><\/div><div class=\"cz_grid_item elementor-repeater-item-e00b92a cz_gallery2\"><div><a class=\"cz_grid_link \" href=\"http:\/\/hmtechsolution.com.br\/wp-content\/uploads\/2022\/01\/l5.png\" target=\"_blank\" data-xtra-lightbox><img loading=\"lazy\" decoding=\"async\" width=\"300\" height=\"109\" src=\"data:image\/svg+xml,%3Csvg%20xmlns%3D&#39;http%3A%2F%2Fwww.w3.org%2F2000%2Fsvg&#39;%20width=&#39;300&#39;%20height=&#39;109&#39;%20viewBox%3D&#39;0%200%20300%20109&#39;%2F%3E\" data-czlz data-src=\"https:\/\/autotecmetal.com.br\/wp-content\/uploads\/2022\/01\/l5.png\" class=\"attachment-codevz_600_600 size-codevz_600_600 wp-image-1620\" alt=\"\" \/><div class=\"cz_grid_details\"><\/div><\/a><\/div><\/div><div class=\"cz_grid_item elementor-repeater-item-facf5b6 cz_gallery2\"><div><a class=\"cz_grid_link \" href=\"http:\/\/hmtechsolution.com.br\/wp-content\/uploads\/2022\/01\/l6.png\" target=\"_blank\" data-xtra-lightbox><img loading=\"lazy\" decoding=\"async\" width=\"300\" height=\"109\" src=\"data:image\/svg+xml,%3Csvg%20xmlns%3D&#39;http%3A%2F%2Fwww.w3.org%2F2000%2Fsvg&#39;%20width=&#39;300&#39;%20height=&#39;109&#39;%20viewBox%3D&#39;0%200%20300%20109&#39;%2F%3E\" data-czlz data-src=\"https:\/\/autotecmetal.com.br\/wp-content\/uploads\/2022\/01\/l6.png\" class=\"attachment-codevz_600_600 size-codevz_600_600 wp-image-1621\" alt=\"\" \/><div class=\"cz_grid_details\"><\/div><\/a><\/div><\/div><div class=\"cz_grid_item elementor-repeater-item-efe3efe cz_gallery2\"><div><a class=\"cz_grid_link \" href=\"http:\/\/hmtechsolution.com.br\/wp-content\/uploads\/2022\/01\/17.png\" target=\"_blank\" data-xtra-lightbox><img loading=\"lazy\" decoding=\"async\" width=\"300\" height=\"109\" src=\"data:image\/svg+xml,%3Csvg%20xmlns%3D&#39;http%3A%2F%2Fwww.w3.org%2F2000%2Fsvg&#39;%20width=&#39;300&#39;%20height=&#39;109&#39;%20viewBox%3D&#39;0%200%20300%20109&#39;%2F%3E\" data-czlz data-src=\"https:\/\/autotecmetal.com.br\/wp-content\/uploads\/2022\/01\/17.png\" class=\"attachment-codevz_600_600 size-codevz_600_600 wp-image-1622\" alt=\"\" \/><div class=\"cz_grid_details\"><\/div><\/a><\/div><\/div><div class=\"cz_grid_item elementor-repeater-item-4d4324b cz_gallery2\"><div><a class=\"cz_grid_link \" href=\"http:\/\/hmtechsolution.com.br\/wp-content\/uploads\/2022\/01\/18.png\" target=\"_blank\" data-xtra-lightbox><img loading=\"lazy\" decoding=\"async\" width=\"300\" height=\"109\" src=\"data:image\/svg+xml,%3Csvg%20xmlns%3D&#39;http%3A%2F%2Fwww.w3.org%2F2000%2Fsvg&#39;%20width=&#39;300&#39;%20height=&#39;109&#39;%20viewBox%3D&#39;0%200%20300%20109&#39;%2F%3E\" data-czlz data-src=\"https:\/\/autotecmetal.com.br\/wp-content\/uploads\/2022\/01\/18.png\" class=\"attachment-codevz_600_600 size-codevz_600_600 wp-image-1623\" alt=\"\" \/><div class=\"cz_grid_details\"><\/div><\/a><\/div><\/div><div class=\"cz_grid_item elementor-repeater-item-2668090 cz_gallery2\"><div><a class=\"cz_grid_link \" href=\"http:\/\/hmtechsolution.com.br\/wp-content\/uploads\/2022\/01\/19.png\" target=\"_blank\" data-xtra-lightbox><img loading=\"lazy\" decoding=\"async\" width=\"300\" height=\"109\" src=\"data:image\/svg+xml,%3Csvg%20xmlns%3D&#39;http%3A%2F%2Fwww.w3.org%2F2000%2Fsvg&#39;%20width=&#39;300&#39;%20height=&#39;109&#39;%20viewBox%3D&#39;0%200%20300%20109&#39;%2F%3E\" data-czlz data-src=\"https:\/\/autotecmetal.com.br\/wp-content\/uploads\/2022\/01\/19.png\" class=\"attachment-codevz_600_600 size-codevz_600_600 wp-image-1627\" alt=\"\" \/><div class=\"cz_grid_details\"><\/div><\/a><\/div><\/div><div class=\"cz_grid_item elementor-repeater-item-c413c2f cz_gallery2\"><div><a class=\"cz_grid_link \" href=\"http:\/\/hmtechsolution.com.br\/wp-content\/uploads\/2022\/01\/20.png\" target=\"_blank\" data-xtra-lightbox><img loading=\"lazy\" decoding=\"async\" width=\"300\" height=\"109\" src=\"data:image\/svg+xml,%3Csvg%20xmlns%3D&#39;http%3A%2F%2Fwww.w3.org%2F2000%2Fsvg&#39;%20width=&#39;300&#39;%20height=&#39;109&#39;%20viewBox%3D&#39;0%200%20300%20109&#39;%2F%3E\" data-czlz data-src=\"https:\/\/autotecmetal.com.br\/wp-content\/uploads\/2022\/01\/20.png\" class=\"attachment-codevz_600_600 size-codevz_600_600 wp-image-1637\" alt=\"\" \/><div class=\"cz_grid_details\"><\/div><\/a><\/div><\/div><\/div><\/div><\/div>\t\t\t\t<\/div>\n\t\t\t\t<\/div>\n\t\t\t\t\t<\/div>\n\t\t<\/div>\n\t\t\t\t\t<\/div>\n\t\t<\/section>\n\t\t\t\t<\/div>\n\t\t","protected":false},"excerpt":{"rendered":"<p>Quem n\u00f3s somos &#8230; A Auto Tec Metal Prezados Senhores, A &#8230; <\/p>\n","protected":false},"author":1,"featured_media":0,"parent":0,"menu_order":0,"comment_status":"closed","ping_status":"closed","template":"","meta":{"om_disable_all_campaigns":false,"footnotes":""},"class_list":["post-884","page","type-page","status-publish","hentry"],"aioseo_notices":[],"_links":{"self":[{"href":"https:\/\/autotecmetal.com.br\/index.php\/wp-json\/wp\/v2\/pages\/884","targetHints":{"allow":["GET"]}}],"collection":[{"href":"https:\/\/autotecmetal.com.br\/index.php\/wp-json\/wp\/v2\/pages"}],"about":[{"href":"https:\/\/autotecmetal.com.br\/index.php\/wp-json\/wp\/v2\/types\/page"}],"author":[{"embeddable":true,"href":"https:\/\/autotecmetal.com.br\/index.php\/wp-json\/wp\/v2\/users\/1"}],"replies":[{"embeddable":true,"href":"https:\/\/autotecmetal.com.br\/index.php\/wp-json\/wp\/v2\/comments?post=884"}],"version-history":[{"count":16,"href":"https:\/\/autotecmetal.com.br\/index.php\/wp-json\/wp\/v2\/pages\/884\/revisions"}],"predecessor-version":[{"id":1890,"href":"https:\/\/autotecmetal.com.br\/index.php\/wp-json\/wp\/v2\/pages\/884\/revisions\/1890"}],"wp:attachment":[{"href":"https:\/\/autotecmetal.com.br\/index.php\/wp-json\/wp\/v2\/media?parent=884"}],"curies":[{"name":"wp","href":"https:\/\/api.w.org\/{rel}","templated":true}]}}